{"id":5831,"date":"2021-04-28T09:20:31","date_gmt":"2021-04-28T09:20:31","guid":{"rendered":"https:\/\/colli.iconeslab.it\/shop-online\/senza-categoria\/aperitivo-in-puglia-box\/"},"modified":"2021-04-28T09:20:31","modified_gmt":"2021-04-28T09:20:31","slug":"aperitivo-in-puglia-box","status":"publish","type":"product","link":"https:\/\/collidellamurgia.it\/en\/shop-online\/box-en\/aperitivo-in-puglia-box\/","title":{"rendered":"Aperitivo in Puglia Box"},"content":{"rendered":"<h5>Aperitivo in Puglia<\/h5>\n<h6>La Puglia \u00e8 sole, \u00e8 storia, \u00e8 tradizione, \u00e8 mare, \u00e8 incontro di culture, ma \u00e8 anche ottimo cibo.<\/h6>\n<p>Nel tardo pomeriggio, quando il sole sta per tramontare, stappare una bottiglia e condividere dei momenti di spensieratezza con i propri amici \u00e8 un vero e proprio rito. Che lo si faccia guardando mare o in una delle mille viuzze dei tantissimi centri storici, la magia \u00e8 sempre la stessa. Abbiamo pensato a questo Box per accompagnare perfettamente il momento dell\u2019aperitivo o qualunque altro momento di informale convivialit\u00e0.<\/p>\n","protected":false},"excerpt":{"rendered":"<ul class=\"boxvini\">\n<li>2 Sellaia<\/li>\n<li>2 Galetto<\/li>\n<li>2 Erbaceo<\/li>\n<\/ul>\n","protected":false},"featured_media":10790,"comment_status":"closed","ping_status":"closed","template":"","meta":[],"product_brand":[],"product_cat":[71],"product_tag":[],"class_list":{"0":"post-5831","1":"product","2":"type-product","3":"status-publish","4":"has-post-thumbnail","6":"product_cat-box-en","7":"product_shipping_class-free-shipping","9":"first","10":"instock","11":"sale","12":"shipping-taxable","13":"purchasable","14":"product-type-simple"},"_links":{"self":[{"href":"https:\/\/collidellamurgia.it\/en\/wp-json\/wp\/v2\/product\/5831","targetHints":{"allow":["GET"]}}],"collection":[{"href":"https:\/\/collidellamurgia.it\/en\/wp-json\/wp\/v2\/product"}],"about":[{"href":"https:\/\/collidellamurgia.it\/en\/wp-json\/wp\/v2\/types\/product"}],"replies":[{"embeddable":true,"href":"https:\/\/collidellamurgia.it\/en\/wp-json\/wp\/v2\/comments?post=5831"}],"wp:featuredmedia":[{"embeddable":true,"href":"https:\/\/collidellamurgia.it\/en\/wp-json\/wp\/v2\/media\/10790"}],"wp:attachment":[{"href":"https:\/\/collidellamurgia.it\/en\/wp-json\/wp\/v2\/media?parent=5831"}],"wp:term":[{"taxonomy":"product_brand","embeddable":true,"href":"https:\/\/collidellamurgia.it\/en\/wp-json\/wp\/v2\/product_brand?post=5831"},{"taxonomy":"product_cat","embeddable":true,"href":"https:\/\/collidellamurgia.it\/en\/wp-json\/wp\/v2\/product_cat?post=5831"},{"taxonomy":"product_tag","embeddable":true,"href":"https:\/\/collidellamurgia.it\/en\/wp-json\/wp\/v2\/product_tag?post=5831"}],"curies":[{"name":"wp","href":"https:\/\/api.w.org\/{rel}","templated":true}]}}