{"id":5830,"date":"2021-04-28T08:30:41","date_gmt":"2021-04-28T08:30:41","guid":{"rendered":"https:\/\/colli.iconeslab.it\/shop-online\/senza-categoria\/acini-bianchi-box\/"},"modified":"2025-10-13T07:24:08","modified_gmt":"2025-10-13T07:24:08","slug":"acini-bianchi-box-2","status":"publish","type":"product","link":"https:\/\/collidellamurgia.it\/en\/shop-online\/box-en\/acini-bianchi-box-2\/","title":{"rendered":"Acini Bianchi Box"},"content":{"rendered":"<h5>Bianchi di Puglia<\/h5>\n<h6>Ma chi ha detto che in Puglia si producono solo ottimi rossi?<\/h6>\n<p>Il rinascimento enologica pugliese degli anni \u201990, ha aumentato la consapevolezza dei produttori nei confronti del proprio territorio. Proprio il territorio \u00e8 stata la chiave di volta su cui la Puglia ha costruito la propria credibilit\u00e0 e qualit\u00e0 dei propri vini bianchi. Tra essi la Murgia \u00e8 uno dei territori pi\u00f9 vocati per questa produzione, terreno prevalente carsico, altezze, sbalzi termici, importante ventilazione e variet\u00e0 autoctone straordinarie come il Minutolo.<\/p>\n","protected":false},"excerpt":{"rendered":"<ul class=\"boxvini\">\n<li>2 Erbaceo<\/li>\n<li>1 Tufjano<\/li>\n<li>2 Le Dritte Greco<\/li>\n<li>1 Doline Chardonnay<\/li>\n<\/ul>\n","protected":false},"featured_media":10844,"comment_status":"closed","ping_status":"closed","template":"","meta":[],"product_brand":[],"product_cat":[71],"product_tag":[],"class_list":{"0":"post-5830","1":"product","2":"type-product","3":"status-publish","4":"has-post-thumbnail","6":"product_cat-box-en","7":"product_shipping_class-free-shipping","9":"first","10":"instock","11":"sale","12":"shipping-taxable","13":"purchasable","14":"product-type-simple"},"_links":{"self":[{"href":"https:\/\/collidellamurgia.it\/en\/wp-json\/wp\/v2\/product\/5830","targetHints":{"allow":["GET"]}}],"collection":[{"href":"https:\/\/collidellamurgia.it\/en\/wp-json\/wp\/v2\/product"}],"about":[{"href":"https:\/\/collidellamurgia.it\/en\/wp-json\/wp\/v2\/types\/product"}],"replies":[{"embeddable":true,"href":"https:\/\/collidellamurgia.it\/en\/wp-json\/wp\/v2\/comments?post=5830"}],"wp:featuredmedia":[{"embeddable":true,"href":"https:\/\/collidellamurgia.it\/en\/wp-json\/wp\/v2\/media\/10844"}],"wp:attachment":[{"href":"https:\/\/collidellamurgia.it\/en\/wp-json\/wp\/v2\/media?parent=5830"}],"wp:term":[{"taxonomy":"product_brand","embeddable":true,"href":"https:\/\/collidellamurgia.it\/en\/wp-json\/wp\/v2\/product_brand?post=5830"},{"taxonomy":"product_cat","embeddable":true,"href":"https:\/\/collidellamurgia.it\/en\/wp-json\/wp\/v2\/product_cat?post=5830"},{"taxonomy":"product_tag","embeddable":true,"href":"https:\/\/collidellamurgia.it\/en\/wp-json\/wp\/v2\/product_tag?post=5830"}],"curies":[{"name":"wp","href":"https:\/\/api.w.org\/{rel}","templated":true}]}}